{"id":1332,"date":"2024-03-26T18:05:56","date_gmt":"2024-03-26T18:05:56","guid":{"rendered":"https:\/\/qamcpn.digitalsolutioncore.com\/?page_id=1332"},"modified":"2025-04-06T01:41:48","modified_gmt":"2025-04-06T07:41:48","slug":"certificados","status":"publish","type":"page","link":"https:\/\/mcnpmexico.org\/en\/certificados\/","title":{"rendered":"Certificados"},"content":{"rendered":"<div data-elementor-type=\"wp-page\" data-elementor-id=\"1332\" class=\"elementor elementor-1332\" data-elementor-post-type=\"page\">\n\t\t\t\t<div class=\"elementor-element elementor-element-6222f28 e-flex e-con-boxed e-con e-parent\" data-id=\"6222f28\" data-element_type=\"container\" data-e-type=\"container\">\n\t\t\t\t\t<div class=\"e-con-inner\">\n\t\t\t\t<div class=\"elementor-element elementor-element-c6928ad elementor-widget elementor-widget-heading\" data-id=\"c6928ad\" data-element_type=\"widget\" data-e-type=\"widget\" data-widget_type=\"heading.default\">\n\t\t\t\t<div class=\"elementor-widget-container\">\n\t\t\t\t\t<h2 class=\"elementor-heading-title elementor-size-default\">Certificados Congreso MCNP 2025<\/h2>\t\t\t\t<\/div>\n\t\t\t\t<\/div>\n\t\t\t\t<div class=\"elementor-element elementor-element-217d88b elementor-widget elementor-widget-heading\" data-id=\"217d88b\" data-element_type=\"widget\" data-e-type=\"widget\" data-widget_type=\"heading.default\">\n\t\t\t\t<div class=\"elementor-widget-container\">\n\t\t\t\t\t<h2 class=\"elementor-heading-title elementor-size-default\">Aqu\u00ed podr\u00e1s descargar los certificados<\/h2>\t\t\t\t<\/div>\n\t\t\t\t<\/div>\n\t\t\t\t<div class=\"elementor-element elementor-element-1bd917a elementor-widget elementor-widget-heading\" data-id=\"1bd917a\" data-element_type=\"widget\" data-e-type=\"widget\" data-widget_type=\"heading.default\">\n\t\t\t\t<div class=\"elementor-widget-container\">\n\t\t\t\t\t<h4 class=\"elementor-heading-title elementor-size-default\">Por favor tener en cuenta lo siguiente: <br><br> 1. Podr\u00e1s enviar tus certificados por e-mail haciendo clic en el bot\u00f3n verde <strong> (Revisa tu bandeja de Spam).  <\/strong> <br> 2. Si lo deseas puedes descargar directamente tus certificados.<br>3. Recuerda que si el certificado de competencias no te aparece, es porque no lo presentaste o no lo aprobaste.<br> 4. Si crees que hay un error, recuerda que puedes escribir al correo laexperiencia@mcnpmexico.org <\/h4>\t\t\t\t<\/div>\n\t\t\t\t<\/div>\n\t\t\t\t<div class=\"elementor-element elementor-element-0facfc5 elementor-widget elementor-widget-shortcode\" data-id=\"0facfc5\" data-element_type=\"widget\" data-e-type=\"widget\" data-widget_type=\"shortcode.default\">\n\t\t\t\t<div class=\"elementor-widget-container\">\n\t\t\t\t\t\t\t<div class=\"elementor-shortcode\"><p class=\"dsc-cert-error\" style=\"color: #dc3545; padding: 15px; border: 1px solid rgba(220, 53, 69, 0.2); background-color: rgba(220, 53, 69, 0.05); border-radius: 8px; font-family: -apple-system, BlinkMacSystemFont, Segoe UI, Roboto, sans-serif; margin: 20px 0; text-align: center; font-size: 15px;\">Error: No se pudo verificar la sesi\u00f3n de usuario.<\/p><\/div>\n\t\t\t\t\t\t<\/div>\n\t\t\t\t<\/div>\n\t\t\t\t\t<\/div>\n\t\t\t\t<\/div>\n\t\t\t\t<\/div>","protected":false},"excerpt":{"rendered":"<p>Certificados Congreso MCNP 2025 Aqu\u00ed podr\u00e1s descargar los certificados Por favor tener en cuenta lo siguiente: 1. Podr\u00e1s enviar tus certificados por e-mail haciendo clic en el bot\u00f3n verde (Revisa tu bandeja de Spam). 2. Si lo deseas puedes descargar directamente tus certificados.3. Recuerda que si el certificado de competencias no te aparece, es porque &hellip; <a href=\"https:\/\/mcnpmexico.org\/en\/certificados\/\" class=\"more-link\">Continue reading<span class=\"screen-reader-text\"> &#8220;Certificados&#8221;<\/span><\/a><\/p>","protected":false},"author":6,"featured_media":0,"parent":0,"menu_order":0,"comment_status":"closed","ping_status":"closed","template":"","meta":{"footnotes":""},"class_list":["post-1332","page","type-page","status-publish","hentry"],"yoast_head":"<!-- This site is optimized with the Yoast SEO plugin v27.3 - https:\/\/yoast.com\/product\/yoast-seo-wordpress\/ -->\n<title>Certificados | MCNP M\u00e9xico<\/title>\n<meta name=\"robots\" content=\"index, follow, max-snippet:-1, max-image-preview:large, max-video-preview:-1\" \/>\n<link rel=\"canonical\" href=\"https:\/\/mcnpmexico.org\/en\/certificados\/\" \/>\n<script type=\"application\/ld+json\" class=\"yoast-schema-graph\">{\"@context\":\"https:\\\/\\\/schema.org\",\"@graph\":[{\"@type\":\"WebPage\",\"@id\":\"https:\\\/\\\/mcnpmexico.org\\\/certificados\\\/\",\"url\":\"https:\\\/\\\/mcnpmexico.org\\\/certificados\\\/\",\"name\":\"Certificados | MCNP M\u00e9xico\",\"isPartOf\":{\"@id\":\"https:\\\/\\\/mcnpmexico.org\\\/#website\"},\"datePublished\":\"2024-03-26T18:05:56+00:00\",\"dateModified\":\"2025-04-06T07:41:48+00:00\",\"breadcrumb\":{\"@id\":\"https:\\\/\\\/mcnpmexico.org\\\/certificados\\\/#breadcrumb\"},\"inLanguage\":\"en-US\",\"potentialAction\":[{\"@type\":\"ReadAction\",\"target\":[\"https:\\\/\\\/mcnpmexico.org\\\/certificados\\\/\"]}]},{\"@type\":\"BreadcrumbList\",\"@id\":\"https:\\\/\\\/mcnpmexico.org\\\/certificados\\\/#breadcrumb\",\"itemListElement\":[{\"@type\":\"ListItem\",\"position\":1,\"name\":\"Inicio\",\"item\":\"https:\\\/\\\/mcnpmexico.org\\\/\"},{\"@type\":\"ListItem\",\"position\":2,\"name\":\"Certificados\"}]},{\"@type\":\"WebSite\",\"@id\":\"https:\\\/\\\/mcnpmexico.org\\\/#website\",\"url\":\"https:\\\/\\\/mcnpmexico.org\\\/\",\"name\":\"MCNP Mexico\",\"description\":\"Descifrando los datos duros de la ciencia\",\"publisher\":{\"@id\":\"https:\\\/\\\/mcnpmexico.org\\\/#organization\"},\"alternateName\":\"Consorcio Mexicano de NeuroPsicofarmacolog\u00eda\",\"potentialAction\":[{\"@type\":\"SearchAction\",\"target\":{\"@type\":\"EntryPoint\",\"urlTemplate\":\"https:\\\/\\\/mcnpmexico.org\\\/?s={search_term_string}\"},\"query-input\":{\"@type\":\"PropertyValueSpecification\",\"valueRequired\":true,\"valueName\":\"search_term_string\"}}],\"inLanguage\":\"en-US\"},{\"@type\":\"Organization\",\"@id\":\"https:\\\/\\\/mcnpmexico.org\\\/#organization\",\"name\":\"Consorcio Mexicano de Neuropsicofarmacolog\u00eda\",\"url\":\"https:\\\/\\\/mcnpmexico.org\\\/\",\"logo\":{\"@type\":\"ImageObject\",\"inLanguage\":\"en-US\",\"@id\":\"https:\\\/\\\/mcnpmexico.org\\\/#\\\/schema\\\/logo\\\/image\\\/\",\"url\":\"https:\\\/\\\/mcnpmexico.org\\\/wp-content\\\/uploads\\\/2024\\\/03\\\/Logo-2.png\",\"contentUrl\":\"https:\\\/\\\/mcnpmexico.org\\\/wp-content\\\/uploads\\\/2024\\\/03\\\/Logo-2.png\",\"width\":353,\"height\":84,\"caption\":\"Consorcio Mexicano de Neuropsicofarmacolog\u00eda\"},\"image\":{\"@id\":\"https:\\\/\\\/mcnpmexico.org\\\/#\\\/schema\\\/logo\\\/image\\\/\"},\"sameAs\":[\"https:\\\/\\\/www.facebook.com\\\/MCNPMexico\",\"https:\\\/\\\/x.com\\\/MCNPMexico\",\"https:\\\/\\\/www.tiktok.com\\\/@mcnpmexico?lang=es\",\"https:\\\/\\\/www.instagram.com\\\/mcnpmexico\\\/\",\"https:\\\/\\\/www.linkedin.com\\\/company\\\/mcnp-consorcio-mexicano-de-neuropsicofarmacologa\\\/?viewAsMember=true\"]}]}<\/script>\n<!-- \/ Yoast SEO plugin. -->","yoast_head_json":{"title":"Certificados | MCNP M\u00e9xico","robots":{"index":"index","follow":"follow","max-snippet":"max-snippet:-1","max-image-preview":"max-image-preview:large","max-video-preview":"max-video-preview:-1"},"canonical":"https:\/\/mcnpmexico.org\/en\/certificados\/","schema":{"@context":"https:\/\/schema.org","@graph":[{"@type":"WebPage","@id":"https:\/\/mcnpmexico.org\/certificados\/","url":"https:\/\/mcnpmexico.org\/certificados\/","name":"Certificados | MCNP M\u00e9xico","isPartOf":{"@id":"https:\/\/mcnpmexico.org\/#website"},"datePublished":"2024-03-26T18:05:56+00:00","dateModified":"2025-04-06T07:41:48+00:00","breadcrumb":{"@id":"https:\/\/mcnpmexico.org\/certificados\/#breadcrumb"},"inLanguage":"en-US","potentialAction":[{"@type":"ReadAction","target":["https:\/\/mcnpmexico.org\/certificados\/"]}]},{"@type":"BreadcrumbList","@id":"https:\/\/mcnpmexico.org\/certificados\/#breadcrumb","itemListElement":[{"@type":"ListItem","position":1,"name":"Inicio","item":"https:\/\/mcnpmexico.org\/"},{"@type":"ListItem","position":2,"name":"Certificados"}]},{"@type":"WebSite","@id":"https:\/\/mcnpmexico.org\/#website","url":"https:\/\/mcnpmexico.org\/","name":"MCNP Mexico","description":"Decoding the hard data of science","publisher":{"@id":"https:\/\/mcnpmexico.org\/#organization"},"alternateName":"Consorcio Mexicano de NeuroPsicofarmacolog\u00eda","potentialAction":[{"@type":"SearchAction","target":{"@type":"EntryPoint","urlTemplate":"https:\/\/mcnpmexico.org\/?s={search_term_string}"},"query-input":{"@type":"PropertyValueSpecification","valueRequired":true,"valueName":"search_term_string"}}],"inLanguage":"en-US"},{"@type":"Organization","@id":"https:\/\/mcnpmexico.org\/#organization","name":"Consorcio Mexicano de Neuropsicofarmacolog\u00eda","url":"https:\/\/mcnpmexico.org\/","logo":{"@type":"ImageObject","inLanguage":"en-US","@id":"https:\/\/mcnpmexico.org\/#\/schema\/logo\/image\/","url":"https:\/\/mcnpmexico.org\/wp-content\/uploads\/2024\/03\/Logo-2.png","contentUrl":"https:\/\/mcnpmexico.org\/wp-content\/uploads\/2024\/03\/Logo-2.png","width":353,"height":84,"caption":"Consorcio Mexicano de Neuropsicofarmacolog\u00eda"},"image":{"@id":"https:\/\/mcnpmexico.org\/#\/schema\/logo\/image\/"},"sameAs":["https:\/\/www.facebook.com\/MCNPMexico","https:\/\/x.com\/MCNPMexico","https:\/\/www.tiktok.com\/@mcnpmexico?lang=es","https:\/\/www.instagram.com\/mcnpmexico\/","https:\/\/www.linkedin.com\/company\/mcnp-consorcio-mexicano-de-neuropsicofarmacologa\/?viewAsMember=true"]}]}},"_links":{"self":[{"href":"https:\/\/mcnpmexico.org\/en\/wp-json\/wp\/v2\/pages\/1332","targetHints":{"allow":["GET"]}}],"collection":[{"href":"https:\/\/mcnpmexico.org\/en\/wp-json\/wp\/v2\/pages"}],"about":[{"href":"https:\/\/mcnpmexico.org\/en\/wp-json\/wp\/v2\/types\/page"}],"author":[{"embeddable":true,"href":"https:\/\/mcnpmexico.org\/en\/wp-json\/wp\/v2\/users\/6"}],"replies":[{"embeddable":true,"href":"https:\/\/mcnpmexico.org\/en\/wp-json\/wp\/v2\/comments?post=1332"}],"version-history":[{"count":437,"href":"https:\/\/mcnpmexico.org\/en\/wp-json\/wp\/v2\/pages\/1332\/revisions"}],"predecessor-version":[{"id":4354,"href":"https:\/\/mcnpmexico.org\/en\/wp-json\/wp\/v2\/pages\/1332\/revisions\/4354"}],"wp:attachment":[{"href":"https:\/\/mcnpmexico.org\/en\/wp-json\/wp\/v2\/media?parent=1332"}],"curies":[{"name":"wp","href":"https:\/\/api.w.org\/{rel}","templated":true}]}}